{"id":69,"date":"2017-12-27T23:29:36","date_gmt":"2017-12-27T23:29:36","guid":{"rendered":"http:\/\/saxiom.de\/?page_id=69"},"modified":"2025-10-26T14:26:28","modified_gmt":"2025-10-26T14:26:28","slug":"projects","status":"publish","type":"page","link":"https:\/\/saxiom.de\/?page_id=69","title":{"rendered":"Ensembles"},"content":{"rendered":"<p><strong>&nbsp;<\/strong><\/p>\n\n\n<div class=\"wp-block-group\"><div class=\"wp-block-group__inner-container is-layout-flow wp-block-group-is-layout-flow\">\n<figure class=\"wp-block-image size-large is-resized\"><img data-recalc-dims=\"1\" loading=\"lazy\" decoding=\"async\" data-attachment-id=\"1408\" data-permalink=\"https:\/\/saxiom.de\/?attachment_id=1408\" data-orig-file=\"https:\/\/i0.wp.com\/saxiom.de\/wp-content\/uploads\/2021_12_15_Mainz04_3285web.jpg?fit=2000%2C1333&amp;ssl=1\" data-orig-size=\"2000,1333\" data-comments-opened=\"0\" data-image-meta=\"{&quot;aperture&quot;:&quot;0&quot;,&quot;credit&quot;:&quot;&quot;,&quot;camera&quot;:&quot;&quot;,&quot;caption&quot;:&quot;&quot;,&quot;created_timestamp&quot;:&quot;0&quot;,&quot;copyright&quot;:&quot;&quot;,&quot;focal_length&quot;:&quot;0&quot;,&quot;iso&quot;:&quot;0&quot;,&quot;shutter_speed&quot;:&quot;0&quot;,&quot;title&quot;:&quot;&quot;,&quot;orientation&quot;:&quot;0&quot;}\" data-image-title=\"2021_12_15_Mainz04_3285web\" data-image-description=\"\" data-image-caption=\"\" data-large-file=\"https:\/\/i0.wp.com\/saxiom.de\/wp-content\/uploads\/2021_12_15_Mainz04_3285web.jpg?fit=660%2C440&amp;ssl=1\" src=\"https:\/\/i0.wp.com\/saxiom.de\/wp-content\/uploads\/2021_12_15_Mainz04_3285web.jpg?resize=437%2C291&#038;ssl=1\" alt=\"\" class=\"wp-image-1408\" width=\"437\" height=\"291\" srcset=\"https:\/\/i0.wp.com\/saxiom.de\/wp-content\/uploads\/2021_12_15_Mainz04_3285web.jpg?resize=1024%2C682&amp;ssl=1 1024w, https:\/\/i0.wp.com\/saxiom.de\/wp-content\/uploads\/2021_12_15_Mainz04_3285web.jpg?resize=300%2C200&amp;ssl=1 300w, https:\/\/i0.wp.com\/saxiom.de\/wp-content\/uploads\/2021_12_15_Mainz04_3285web.jpg?resize=768%2C512&amp;ssl=1 768w, https:\/\/i0.wp.com\/saxiom.de\/wp-content\/uploads\/2021_12_15_Mainz04_3285web.jpg?resize=1536%2C1024&amp;ssl=1 1536w, https:\/\/i0.wp.com\/saxiom.de\/wp-content\/uploads\/2021_12_15_Mainz04_3285web.jpg?w=2000&amp;ssl=1 2000w, https:\/\/i0.wp.com\/saxiom.de\/wp-content\/uploads\/2021_12_15_Mainz04_3285web.jpg?w=1320&amp;ssl=1 1320w\" sizes=\"auto, (max-width: 437px) 100vw, 437px\" \/><figcaption class=\"wp-element-caption\"><a rel=\"noreferrer noopener\" href=\"http:\/\/www.mainz04.com\" target=\"_blank\">Modern Sax Quartet Mainz 04<\/a><br><br>Johannes Lind as, ss \/ Kerstin Haberecht as \/ Alexander Jung ts \/ Steph Winzen bs<\/figcaption><\/figure>\n<\/div><\/div>\n\n\n\n<p>Markus J\u00e4ger, Mainspitze:<br>&#8222;Ungemein spritzig und schwungvoll agierte die Combo, dazu bestens aufeinander abgestimmt.(&#8230;) Pr\u00e4zise wie ein Schweizer Uhrwerk (&#8230;) bestachen durch perfektes Zusammenspiel, was gleicherma\u00dfen auf Timing und Intonation zutraf.&#8220;<br><br>Margit D\u00f6rr, Allgemeine Zeitung Mainz:<br>&#8222;F\u00fc\u00dfe wippten und K\u00f6pfe bewegten sich im Rhythmus mit. Das blinde Verstehen und das harmonische Zusammenspiel des Sopran-, Alt-, Tenor- und Baritonsaxofons machen die Qualit\u00e4t dieses Ensembles aus&#8220;<br><br>_________________________________________________________________________________________________________<\/p>\n\n\n\n<div class=\"wp-block-group\"><div class=\"wp-block-group__inner-container is-layout-flow wp-block-group-is-layout-flow\">\n<div class=\"wp-block-columns is-layout-flex wp-container-core-columns-is-layout-9d6595d7 wp-block-columns-is-layout-flex\">\n<div class=\"wp-block-column is-layout-flow wp-block-column-is-layout-flow\" style=\"flex-basis:100%\">\n<div class=\"wp-block-group\"><div class=\"wp-block-group__inner-container is-layout-flow wp-block-group-is-layout-flow\"><div class=\"wp-block-image\">\n<figure class=\"aligncenter size-large\"><img data-recalc-dims=\"1\" loading=\"lazy\" decoding=\"async\" width=\"660\" height=\"440\" data-attachment-id=\"1565\" data-permalink=\"https:\/\/saxiom.de\/?attachment_id=1565\" data-orig-file=\"https:\/\/i0.wp.com\/saxiom.de\/wp-content\/uploads\/Duo-GiuSte-by-Valentin-Keck-IMG_8756-scaled.jpg?fit=2560%2C1705&amp;ssl=1\" data-orig-size=\"2560,1705\" data-comments-opened=\"0\" data-image-meta=\"{&quot;aperture&quot;:&quot;0&quot;,&quot;credit&quot;:&quot;&quot;,&quot;camera&quot;:&quot;&quot;,&quot;caption&quot;:&quot;&quot;,&quot;created_timestamp&quot;:&quot;0&quot;,&quot;copyright&quot;:&quot;&quot;,&quot;focal_length&quot;:&quot;0&quot;,&quot;iso&quot;:&quot;0&quot;,&quot;shutter_speed&quot;:&quot;0&quot;,&quot;title&quot;:&quot;&quot;,&quot;orientation&quot;:&quot;0&quot;}\" data-image-title=\"Duo-GiuSte-by-Valentin-Keck-IMG_8756\" data-image-description=\"\" data-image-caption=\"\" data-large-file=\"https:\/\/i0.wp.com\/saxiom.de\/wp-content\/uploads\/Duo-GiuSte-by-Valentin-Keck-IMG_8756-scaled.jpg?fit=660%2C440&amp;ssl=1\" src=\"https:\/\/i0.wp.com\/saxiom.de\/wp-content\/uploads\/Duo-GiuSte-by-Valentin-Keck-IMG_8756.jpg?resize=660%2C440&#038;ssl=1\" alt=\"\" class=\"wp-image-1565\" srcset=\"https:\/\/i0.wp.com\/saxiom.de\/wp-content\/uploads\/Duo-GiuSte-by-Valentin-Keck-IMG_8756-scaled.jpg?resize=1024%2C682&amp;ssl=1 1024w, https:\/\/i0.wp.com\/saxiom.de\/wp-content\/uploads\/Duo-GiuSte-by-Valentin-Keck-IMG_8756-scaled.jpg?resize=300%2C200&amp;ssl=1 300w, https:\/\/i0.wp.com\/saxiom.de\/wp-content\/uploads\/Duo-GiuSte-by-Valentin-Keck-IMG_8756-scaled.jpg?resize=768%2C511&amp;ssl=1 768w, https:\/\/i0.wp.com\/saxiom.de\/wp-content\/uploads\/Duo-GiuSte-by-Valentin-Keck-IMG_8756-scaled.jpg?resize=1536%2C1023&amp;ssl=1 1536w, https:\/\/i0.wp.com\/saxiom.de\/wp-content\/uploads\/Duo-GiuSte-by-Valentin-Keck-IMG_8756-scaled.jpg?resize=2048%2C1364&amp;ssl=1 2048w, https:\/\/i0.wp.com\/saxiom.de\/wp-content\/uploads\/Duo-GiuSte-by-Valentin-Keck-IMG_8756-scaled.jpg?w=1320&amp;ssl=1 1320w, https:\/\/i0.wp.com\/saxiom.de\/wp-content\/uploads\/Duo-GiuSte-by-Valentin-Keck-IMG_8756-scaled.jpg?w=1980&amp;ssl=1 1980w\" sizes=\"auto, (max-width: 660px) 100vw, 660px\" \/><figcaption class=\"wp-element-caption\"><sup>Foto: Valentin Keck 2025<\/sup><\/figcaption><\/figure><\/div><\/div><\/div>\n\n\n\n<div class=\"wp-block-columns is-layout-flex wp-container-core-columns-is-layout-9d6595d7 wp-block-columns-is-layout-flex\">\n<div class=\"wp-block-column is-layout-flow wp-block-column-is-layout-flow\" style=\"flex-basis:100%\">\n<p class=\"has-text-align-left has-normal-font-size\"><strong>Duo GiuSte<\/strong> mit Giulia Mandruzzato (Klavier) und Steph Winzen (Saxophone) pr\u00e4sentiert s\u00fcdl\u00e4ndische Kompositionen von Astor Piazzolla, Darius Milhaud, Antonio Carlos Jobim uvm. -Musik f\u00fcr gute Laune, Sektempf\u00e4nge, Konzerte&#8230;<\/p>\n\n\n\n<blockquote class=\"wp-block-quote is-layout-flow wp-block-quote-is-layout-flow\">\n<p class=\"has-text-align-left\">GiuSte bedeutet auf italienisch \u201eDie Richtigen\u201c. Giulia Mandruzzato und <a href=\"https:\/\/www.facebook.com\/saxiom\">Steph Winzen<\/a> fanden wegen ihrer Liebe zu Italien zusammen und stellten dann fest, dass sie einige gemeinsame Leidenschaften vereint. Da w\u00e4re die Liebe zur Musik, insbesondere der von Astor Piazzolla, die Liebe zur W\u00e4rme und Klarheit und die Liebe zur Echtheit.<\/p>\n\n\n\n<p class=\"has-text-align-left\">All dies ist in den Auftritten von Duo GiuSte immer vorhanden. Ihr Repertoire umfasst Klassik und Klassiker.<\/p>\n\n\n\n<p>2024 ver\u00f6ffentlichte <a href=\"https:\/\/listen.music-hub.com\/6aoTJH\">Duo GiuSte ihr erstes Album: Piazzolla &amp; Beyond<\/a>. Im Jahr 2025 waren sie eingeladen auf der Insel Malta und neben weiteren tollen Orten auch in Bayern Konzerte zu spielen. <\/p>\n\n\n\n<p class=\"has-text-align-left\">\u2014<\/p>\n\n\n\n<p class=\"has-text-align-left\">Il Duo GiuSte deriva dai nomi GIUlia Mandruzzato e STEph Winzen, che suonano rispettivamente pianoforte e sassofono. Le due musiciste si sono conosciute attraverso il loro reciproco amore per l&#8217;Italia e successivamente hanno capito di condividere alcune passioni comuni, prima tra tutte l&#8217;amore per la musica (in particolare quella di Astor Piazzolla), oltre che l&#8217;amore per il calore, la chiarezza e l&#8217;autenticit\u00e0. Tutto questo \u00e8 sempre presente nelle esibizioni del duo GiuSte. Il loro repertorio spazia dalla musica classica a quella moderna passando naturalmente attraverso il tango di Astor Piazzolla.<\/p>\n\n\n\n<p>Nel 2024 il Duo GiuSte ha pubblicato il suo primo album:<a href=\"https:\/\/listen.music-hub.com\/6aoTJH\" data-type=\"URL\" data-id=\"https:\/\/listen.music-hub.com\/6aoTJH\" target=\"_blank\" rel=\"noreferrer noopener\"> Piazzolla &amp; Beyond<\/a>.<\/p>\n\n\n\n<p>Nel 2025 sono stati invitati a suonare sull&#8217;isola di Malta e, oltre che in altri luoghi meravigliosi, anche in Baviera.<\/p>\n\n\n\n<pre class=\"wp-block-preformatted\"><a href=\"https:\/\/www.facebook.com\/people\/Duo-GiuSte\/100089599340371\/\">https:\/\/www.facebook.com\/people\/Duo-GiuSte\/100089599340371\/<\/a>\n<a href=\"https:\/\/www.instagram.com\/duo_giuste?igsh=MTg0bDI2NmJoYzBmdw%3D%3D&amp;utm_source=qr\">https:\/\/www.instagram.com\/duo_giuste<\/a>\n<a href=\"https:\/\/www.youtube.com\/@DuoGiuSte\" target=\"_blank\" rel=\"noreferrer noopener\">https:\/\/www.youtube.com\/@DuoGiuSte<\/a><\/pre>\n\n\n\n<p>______________________________________________________________________________________<\/p>\n<\/blockquote>\n<\/div>\n<\/div>\n<\/div>\n<\/div>\n<\/div><\/div>\n\n\n\n<div class=\"wp-block-media-text alignwide is-stacked-on-mobile is-vertically-aligned-center\" style=\"grid-template-columns:66% auto\"><figure class=\"wp-block-media-text__media\"><img data-recalc-dims=\"1\" loading=\"lazy\" decoding=\"async\" width=\"660\" height=\"440\" data-attachment-id=\"1105\" data-permalink=\"https:\/\/saxiom.de\/?attachment_id=1105\" data-orig-file=\"https:\/\/i0.wp.com\/saxiom.de\/wp-content\/uploads\/DSC_4811-scaled.jpg?fit=2560%2C1707&amp;ssl=1\" data-orig-size=\"2560,1707\" data-comments-opened=\"0\" data-image-meta=\"{&quot;aperture&quot;:&quot;0&quot;,&quot;credit&quot;:&quot;&quot;,&quot;camera&quot;:&quot;&quot;,&quot;caption&quot;:&quot;&quot;,&quot;created_timestamp&quot;:&quot;1470331849&quot;,&quot;copyright&quot;:&quot;&quot;,&quot;focal_length&quot;:&quot;0&quot;,&quot;iso&quot;:&quot;0&quot;,&quot;shutter_speed&quot;:&quot;0&quot;,&quot;title&quot;:&quot;&quot;,&quot;orientation&quot;:&quot;1&quot;}\" data-image-title=\"DSC_4811\" data-image-description=\"\" data-image-caption=\"\" data-large-file=\"https:\/\/i0.wp.com\/saxiom.de\/wp-content\/uploads\/DSC_4811-scaled.jpg?fit=660%2C440&amp;ssl=1\" src=\"https:\/\/i0.wp.com\/saxiom.de\/wp-content\/uploads\/DSC_4811.jpg?resize=660%2C440&#038;ssl=1\" alt=\"\" class=\"wp-image-1105 size-full\" srcset=\"https:\/\/i0.wp.com\/saxiom.de\/wp-content\/uploads\/DSC_4811-scaled.jpg?resize=1024%2C683&amp;ssl=1 1024w, https:\/\/i0.wp.com\/saxiom.de\/wp-content\/uploads\/DSC_4811-scaled.jpg?resize=300%2C200&amp;ssl=1 300w, https:\/\/i0.wp.com\/saxiom.de\/wp-content\/uploads\/DSC_4811-scaled.jpg?resize=768%2C512&amp;ssl=1 768w, https:\/\/i0.wp.com\/saxiom.de\/wp-content\/uploads\/DSC_4811-scaled.jpg?resize=1536%2C1024&amp;ssl=1 1536w, https:\/\/i0.wp.com\/saxiom.de\/wp-content\/uploads\/DSC_4811-scaled.jpg?resize=2048%2C1365&amp;ssl=1 2048w, https:\/\/i0.wp.com\/saxiom.de\/wp-content\/uploads\/DSC_4811-scaled.jpg?w=1320&amp;ssl=1 1320w, https:\/\/i0.wp.com\/saxiom.de\/wp-content\/uploads\/DSC_4811-scaled.jpg?w=1980&amp;ssl=1 1980w\" sizes=\"auto, (max-width: 660px) 100vw, 660px\" \/><\/figure><div class=\"wp-block-media-text__content\">\n<p class=\"has-large-font-size\"><\/p>\n<\/div><\/div>\n\n\n<p style=\"text-align: center;\"><a href=\"https:\/\/www.downtown-bigband.de\/DTB\/index.html\">Downtown Bigband Darmstadt<\/a><\/p>\n<p>Unter der Leitung von Pavel Klimashevsky spielt die Bigband ein anspruchsvolles Repertoire der Topkomponisten f\u00fcr diese Besetzung. Steph Winzen spielt seit September 2022 Leadalto und diverse Doublings in dieser Band.<\/p>\n<p style=\"text-align: center;\"><a href=\"http:\/\/www.magicsound.de\" target=\"_blank\" rel=\"noopener\">Magic Sound Bigband<\/a><\/p>\n<p><span style=\"font-family: Arial, sans-serif;\"><span style=\"font-size: medium;\">Ein 300\u00a0 Nummern umfassendes Bandbuch hat diese Bigband in nunmehr \u00fcber 40 Jahren aufgebaut. Diese Swingklassiker, Tanzmusik und Pop unterst\u00fctzt Steph Winzen an Tenorsaxophon, Klarinette, Querfl\u00f6te und Gesang. <\/span><\/span><\/p>\n<p>\u00a0<\/p>\n<hr \/>\n<p style=\"text-align: center;\"><img data-recalc-dims=\"1\" loading=\"lazy\" decoding=\"async\" data-attachment-id=\"74\" data-permalink=\"https:\/\/saxiom.de\/?attachment_id=74\" data-orig-file=\"https:\/\/i0.wp.com\/saxiom.de\/wp-content\/uploads\/2017\/12\/20141019bild111.jpg?fit=5760%2C3840&amp;ssl=1\" data-orig-size=\"5760,3840\" data-comments-opened=\"1\" data-image-meta=\"{&quot;aperture&quot;:&quot;3.5&quot;,&quot;credit&quot;:&quot;&quot;,&quot;camera&quot;:&quot;Canon EOS 5D Mark III&quot;,&quot;caption&quot;:&quot;&quot;,&quot;created_timestamp&quot;:&quot;1413722234&quot;,&quot;copyright&quot;:&quot;&quot;,&quot;focal_length&quot;:&quot;24&quot;,&quot;iso&quot;:&quot;3200&quot;,&quot;shutter_speed&quot;:&quot;0.008&quot;,&quot;title&quot;:&quot;&quot;,&quot;orientation&quot;:&quot;1&quot;}\" data-image-title=\"\" data-image-description=\"&lt;p&gt;Mainzer Saxophonorchester&lt;\/p&gt;\n\" data-image-caption=\"\" data-large-file=\"https:\/\/i0.wp.com\/saxiom.de\/wp-content\/uploads\/2017\/12\/20141019bild111.jpg?fit=660%2C440&amp;ssl=1\" class=\"size-medium wp-image-74 aligncenter\" src=\"https:\/\/i0.wp.com\/saxiom.de\/wp-content\/uploads\/2017\/12\/20141019bild111.jpg?resize=300%2C200&#038;ssl=1\" alt=\"\" width=\"300\" height=\"200\" srcset=\"https:\/\/i0.wp.com\/saxiom.de\/wp-content\/uploads\/2017\/12\/20141019bild111.jpg?resize=300%2C200&amp;ssl=1 300w, https:\/\/i0.wp.com\/saxiom.de\/wp-content\/uploads\/2017\/12\/20141019bild111.jpg?resize=768%2C512&amp;ssl=1 768w, https:\/\/i0.wp.com\/saxiom.de\/wp-content\/uploads\/2017\/12\/20141019bild111.jpg?resize=1024%2C683&amp;ssl=1 1024w, https:\/\/i0.wp.com\/saxiom.de\/wp-content\/uploads\/2017\/12\/20141019bild111.jpg?resize=863%2C575&amp;ssl=1 863w, https:\/\/i0.wp.com\/saxiom.de\/wp-content\/uploads\/2017\/12\/20141019bild111.jpg?resize=162%2C108&amp;ssl=1 162w, https:\/\/i0.wp.com\/saxiom.de\/wp-content\/uploads\/2017\/12\/20141019bild111.jpg?w=1320&amp;ssl=1 1320w, https:\/\/i0.wp.com\/saxiom.de\/wp-content\/uploads\/2017\/12\/20141019bild111.jpg?w=1980&amp;ssl=1 1980w\" sizes=\"auto, (max-width: 300px) 100vw, 300px\" \/><\/p>\n<p style=\"text-align: center;\"><a href=\"https:\/\/www.facebook.com\/SaxOrchMZ\/\" target=\"_blank\" rel=\"noopener\">Mainzer Saxophonorchester<\/a><\/p>\n<p><span style=\"font-family: Arial, sans-serif;\"><span style=\"font-size: medium;\">2013 gr\u00fcndete Steph Winzen das ausschlie\u00dflich aus SaxophonistInnen bestehende <\/span><\/span><strong><span style=\"font-family: Arial, sans-serif;\"><span style=\"font-size: medium;\">Mainzer Saxophonorchester<\/span><\/span><\/strong><span style=\"font-family: Arial, sans-serif;\"><span style=\"font-size: medium;\">. Kompostionen von Bach, H\u00e4ndel, Mendelssohn-Bartholy, Grieg, Wirth und einige Welturauff\u00fchrungen bringt das au\u00dfergew\u00f6hnliche Klangerlebnis auf die B\u00fchne. <\/span><\/span><\/p>\n<p><span style=\"font-family: Arial, sans-serif;\">Diese Workshops richtet sich an alle SaxophonistInnen, die Lust haben ein ganz besonderes Klangerlebnis mit zu gestalten: Ein Orchester ausschlie\u00dflich aus Saxophonen! Das kann sich nicht nur sehen lassen \u2013 es ist auch musikalisch ein beeindruckendes Erlebnis.<\/span><\/p>\n<p style=\"text-align: center;\">&#8211;<\/p>\n<p align=\"LEFT\"><span style=\"font-family: Arial, sans-serif;\">Das Mainzer Saxophon-Orchester ist ein offenes Projektorchester, <\/span><span style=\"font-family: Arial, sans-serif;\">das sich seit 2013 zweimal j\u00e4hrlich trifft. Etwa 25 Saxophonistinnen und Saxophonisten im Alter von 11 bis 88 Jahren erarbeiten sich bei den 2 1\/2-t\u00e4gigen Arbeitsphasen jeweils ein anspruchsvolles Repertoire aus Bearbeitungen und Originalkompositionen klassischer Musik.<\/span><\/p>\n<p align=\"LEFT\"><span style=\"font-family: Arial, sans-serif;\">Neben Johann Sebastian Bach, Edward Grieg und Felix Mendelssohn ist beispielsweise auch Astor Piazzolla ein gern gespielter Komponist des Orchesters. Die Teilnahme steht f\u00fcr alle interessierten SaxophonistInnen offen, die bereits \u00fcber eine gewisse Spielerfahrung verf\u00fcgen und Noten lesen k\u00f6nnen. Rhythmische und intonatorische F\u00e4higkeiten sind von Vorteil. Altersbeschr\u00e4nkung gibt es nicht. Die St\u00fccke werden vorab zum \u00dcben bereit gestellt.<\/span><\/p>\n<p align=\"LEFT\"><span style=\"font-family: Arial, sans-serif;\">Seit der Orchestergr\u00fcndung gibt es aber nat\u00fcrlich auch stets \u201eWiederholungst\u00e4ter,\u201c die von Anfang an immer wieder gerne dabei sind. Unser Instrumentarium reicht vom Sopranino- \u00fcber das Sopran-, Alt-, Tenor, Bariton- bis zum Basssaxophon und sorgt f\u00fcr einen sehr sch\u00f6nen symphonischen, facettenreichen Klang.<\/span><\/p>","protected":false},"excerpt":{"rendered":"<p>&nbsp; Markus J\u00e4ger, Mainspitze:&#8222;Ungemein spritzig und schwungvoll agierte die Combo, dazu bestens aufeinander abgestimmt.(&#8230;) Pr\u00e4zise wie ein Schweizer Uhrwerk (&#8230;) bestachen durch perfektes Zusammenspiel, was gleicherma\u00dfen auf Timing und Intonation zutraf.&#8220; Margit D\u00f6rr, Allgemeine Zeitung Mainz:&#8222;F\u00fc\u00dfe wippten und K\u00f6pfe bewegten sich im Rhythmus mit. Das blinde Verstehen und das harmonische Zusammenspiel des Sopran-, Alt-, Tenor- &hellip; <a href=\"https:\/\/saxiom.de\/?page_id=69\" class=\"more-link\"><span class=\"screen-reader-text\">Ensembles<\/span> weiterlesen<\/a><\/p>\n","protected":false},"author":1,"featured_media":0,"parent":0,"menu_order":0,"comment_status":"closed","ping_status":"closed","template":"","meta":{"advanced_seo_description":"","jetpack_seo_html_title":"","jetpack_seo_noindex":false,"jetpack_post_was_ever_published":false,"footnotes":""},"class_list":["post-69","page","type-page","status-publish","hentry"],"jetpack_sharing_enabled":true,"jetpack_shortlink":"https:\/\/wp.me\/P9vpc1-17","jetpack_likes_enabled":true,"jetpack-related-posts":[],"_links":{"self":[{"href":"https:\/\/saxiom.de\/index.php?rest_route=\/wp\/v2\/pages\/69","targetHints":{"allow":["GET"]}}],"collection":[{"href":"https:\/\/saxiom.de\/index.php?rest_route=\/wp\/v2\/pages"}],"about":[{"href":"https:\/\/saxiom.de\/index.php?rest_route=\/wp\/v2\/types\/page"}],"author":[{"embeddable":true,"href":"https:\/\/saxiom.de\/index.php?rest_route=\/wp\/v2\/users\/1"}],"replies":[{"embeddable":true,"href":"https:\/\/saxiom.de\/index.php?rest_route=%2Fwp%2Fv2%2Fcomments&post=69"}],"version-history":[{"count":42,"href":"https:\/\/saxiom.de\/index.php?rest_route=\/wp\/v2\/pages\/69\/revisions"}],"predecessor-version":[{"id":1569,"href":"https:\/\/saxiom.de\/index.php?rest_route=\/wp\/v2\/pages\/69\/revisions\/1569"}],"wp:attachment":[{"href":"https:\/\/saxiom.de\/index.php?rest_route=%2Fwp%2Fv2%2Fmedia&parent=69"}],"curies":[{"name":"wp","href":"https:\/\/api.w.org\/{rel}","templated":true}]}}