{"id":591,"date":"2020-05-12T08:17:08","date_gmt":"2020-05-12T08:17:08","guid":{"rendered":"http:\/\/saxiom.de\/?page_id=591"},"modified":"2026-01-06T11:34:18","modified_gmt":"2026-01-06T11:34:18","slug":"unterricht","status":"publish","type":"page","link":"https:\/\/saxiom.de\/?page_id=591","title":{"rendered":"Unterricht"},"content":{"rendered":"<p><strong>z.Zt. keine freien Unterrichts-Termine! Warteliste!<\/strong><\/p>\n<hr \/>\n<p><strong>Preisliste und Termine: <\/strong>Auf Anfrage<\/p>\n<h4 class=\"western\"><strong>Bandcoaching und Satzproben f\u00fcr Orchester und Saxophonquartette<\/strong><\/h4>\n<p><strong>Coachings<\/strong>: Tages- und Wochenendworkshops, kompetente und motivierende Probenleitung<br \/>\n<strong>Ensembles<\/strong>: Blasorchester, Big Bands und Quartette<br \/>\n<strong>Schwerpunkte<\/strong>: Artikulation, Blending, Intonation, ganzheitliches Verstehen des jeweiligen Arrangements und der jeweiligen Stilistik, Verst\u00e4ndnis f\u00fcr die daraus resultierende eigene Rolle im Musikst\u00fcck und in der Band.<\/p>\n<hr \/>\n<pre class=\"western\" style=\"text-align: left;\"><span style=\"font-family: Arial, sans-serif;\">\n\n\nSteph Winzen unterrichtet Saxophon <\/span><span style=\"font-family: Arial, sans-serif;\">am <a href=\"https:\/\/www.wbz-ingelheim.de\/musikschule\/\" target=\"_blank\" rel=\"noopener\">Weiterbildungszentrum Ingelheim<\/a> und am <a href=\"https:\/\/pck-mainz.de\/dozent-steph-winzen.html\" target=\"_blank\" rel=\"noopener\">Peter-Cornelius-Konservatorium<\/a> in Mainz\nDort leitet sie auch den 6-semestrigen Studiengang SMP f\u00fcr das Haupt-und Nebenfach Saxophon. Interessierte k\u00f6nnen jederzeit Kontakt f\u00fcr Fragen und ein unverbindliches Kennenlernen aufnehmen!<\/span><\/pre>\n<p><img data-recalc-dims=\"1\" loading=\"lazy\" decoding=\"async\" data-attachment-id=\"592\" data-permalink=\"https:\/\/saxiom.de\/?attachment_id=592\" data-orig-file=\"https:\/\/i0.wp.com\/saxiom.de\/wp-content\/uploads\/51180446_2283380318359786_5325475244759056384_o.jpg?fit=2019%2C1304&amp;ssl=1\" data-orig-size=\"2019,1304\" data-comments-opened=\"0\" data-image-meta=\"{&quot;aperture&quot;:&quot;0&quot;,&quot;credit&quot;:&quot;Stefan F. S\\u00e4mmer&quot;,&quot;camera&quot;:&quot;&quot;,&quot;caption&quot;:&quot;&quot;,&quot;created_timestamp&quot;:&quot;0&quot;,&quot;copyright&quot;:&quot;Stefan F. S\\u00e4mmer, www.SAEMMER.eu, +49 163 7343300&quot;,&quot;focal_length&quot;:&quot;0&quot;,&quot;iso&quot;:&quot;0&quot;,&quot;shutter_speed&quot;:&quot;0&quot;,&quot;title&quot;:&quot;&quot;,&quot;orientation&quot;:&quot;0&quot;}\" data-image-title=\"\" data-image-description=\"\" data-image-caption=\"\" data-large-file=\"https:\/\/i0.wp.com\/saxiom.de\/wp-content\/uploads\/51180446_2283380318359786_5325475244759056384_o.jpg?fit=660%2C426&amp;ssl=1\" class=\"alignnone wp-image-592 size-full\" src=\"https:\/\/i0.wp.com\/saxiom.de\/wp-content\/uploads\/51180446_2283380318359786_5325475244759056384_o.jpg?resize=660%2C426&#038;ssl=1\" alt=\"\" width=\"660\" height=\"426\" srcset=\"https:\/\/i0.wp.com\/saxiom.de\/wp-content\/uploads\/51180446_2283380318359786_5325475244759056384_o.jpg?w=2019&amp;ssl=1 2019w, https:\/\/i0.wp.com\/saxiom.de\/wp-content\/uploads\/51180446_2283380318359786_5325475244759056384_o.jpg?resize=300%2C194&amp;ssl=1 300w, https:\/\/i0.wp.com\/saxiom.de\/wp-content\/uploads\/51180446_2283380318359786_5325475244759056384_o.jpg?resize=768%2C496&amp;ssl=1 768w, https:\/\/i0.wp.com\/saxiom.de\/wp-content\/uploads\/51180446_2283380318359786_5325475244759056384_o.jpg?resize=1024%2C661&amp;ssl=1 1024w, https:\/\/i0.wp.com\/saxiom.de\/wp-content\/uploads\/51180446_2283380318359786_5325475244759056384_o.jpg?resize=863%2C557&amp;ssl=1 863w, https:\/\/i0.wp.com\/saxiom.de\/wp-content\/uploads\/51180446_2283380318359786_5325475244759056384_o.jpg?resize=167%2C108&amp;ssl=1 167w, https:\/\/i0.wp.com\/saxiom.de\/wp-content\/uploads\/51180446_2283380318359786_5325475244759056384_o.jpg?w=1320&amp;ssl=1 1320w\" sizes=\"auto, (max-width: 660px) 100vw, 660px\" \/><\/p>\n<p><span style=\"font-family: Arial, sans-serif;\">Unterricht f\u00fcr Kulturminister Prof. Konrad Wolf (2019)<\/span><\/p>\n<p><span style=\"font-family: Arial, sans-serif;\">unter Aufsicht von Peter Stieber, Pr\u00e4sident des Landesmusikrat Rheinland-Pfalz<\/span><\/p>\n<hr \/>\n<h4 class=\"western\"><strong><span style=\"font-family: Arial, sans-serif;\">Privater Einzelunterricht f\u00fcr alle Altersstufen<\/span><\/strong><\/h4>\n<p><strong><span style=\"font-family: Arial, sans-serif;\">Unterrichtseinheiten<\/span><\/strong><span style=\"font-family: Arial, sans-serif;\">: 30, 45 oder 60 Minuten, Tagesworkshops auf Anfrage<br \/>\n<\/span><strong><span style=\"font-family: Arial, sans-serif;\">Instrumentarium<\/span><\/strong><span style=\"font-family: Arial, sans-serif;\">: alle Saxophone, (Klarinette, Querfl\u00f6te und Gesang)<\/span><\/p>\n<p><strong><span style=\"font-family: Arial, sans-serif;\">Angebotsform<\/span><\/strong><span style=\"font-family: Arial, sans-serif;\">: pers\u00f6nlicher Pr\u00e4senzunterricht oder Online, zus\u00e4tzlich besteht die M\u00f6glichkeit von Recording-Feedbacks, \u00dcbeplan-Entw\u00fcrfen, uvm.<\/span><\/p>\n<p><strong><span style=\"font-family: Arial, sans-serif;\">Schwerpunkte:<\/span><\/strong><\/p>\n<pre><span style=\"font-family: Arial, sans-serif;\">- Sound<\/span>\n<span style=\"font-family: Arial, sans-serif;\">- <\/span><span style=\"font-family: Arial, sans-serif;\">Atemtechnik \n- Ansatz\n- K\u00f6rperhaltung\n- Geh\u00f6rbildung\n- Rhythmik\n- Grundlagen des Notenlesens\n- \u00dcbetechniken\n- Tonleiterspiel und Harmonik\n- Musiktheorie\n- Saxophonduos, -quartette und -orchester\n- Repertoire Erweiterung\n- Advanced Techniques (Zirkularatmung, Slaping, Falsefingering, Flageolett,\u00a0\u00a0 Multiphonics, Subtone, Vibrato, Tartini-Tones...)\n- Stilvielfalt\n- Kaufberatung\n- Auftrittspsychologie\n- Vorbereitung auf Wettbewerbe oder Aufnahmepr\u00fcfung f\u00fcrs Saxophonstudium<\/span><strong><span style=\"font-family: Arial, sans-serif;\">Preisliste und Termine: <\/span><\/strong><span style=\"font-family: Arial, sans-serif;\">Auf Anfrage<\/span><\/pre>\n<h4 class=\"western\"><strong><span style=\"font-family: Arial, sans-serif;\">Bandcoaching und Satzproben f\u00fcr Orchester und Saxophonquartette<\/span><\/strong><\/h4>\n<p><strong><span style=\"font-family: Arial, sans-serif;\">Coachings<\/span><\/strong><span style=\"font-family: Arial, sans-serif;\">: Tages- und Wochenendworkshops, kompetente und motivierende Probenleitung<br \/>\n<\/span><strong><span style=\"font-family: Arial, sans-serif;\">Ensembles<\/span><\/strong><span style=\"font-family: Arial, sans-serif;\">: Blasorchester, Big Bands und Quartette<br \/>\n<\/span><strong><span style=\"font-family: Arial, sans-serif;\">Schwerpunkte<\/span><\/strong><span style=\"font-family: Arial, sans-serif;\">: Artikulation, Blending, Intonation, ganzheitliches Verstehen des jeweiligen Arrangements und der jeweiligen Stilistik, Verst\u00e4ndnis f\u00fcr die daraus resultierende eigene Rolle im Musikst\u00fcck und in der Band.<\/span><\/p>\n<p><strong><span style=\"font-family: Arial, sans-serif;\">Preise und Termine<\/span><\/strong><span style=\"font-family: Arial, sans-serif;\">: Auf Anfrage<\/span><\/p>\n","protected":false},"excerpt":{"rendered":"<p>z.Zt. keine freien Unterrichts-Termine! Warteliste! Preisliste und Termine: Auf Anfrage Bandcoaching und Satzproben f\u00fcr Orchester und Saxophonquartette Coachings: Tages- und Wochenendworkshops, kompetente und motivierende Probenleitung Ensembles: Blasorchester, Big Bands und Quartette Schwerpunkte: Artikulation, Blending, Intonation, ganzheitliches Verstehen des jeweiligen Arrangements und der jeweiligen Stilistik, Verst\u00e4ndnis f\u00fcr die daraus resultierende eigene Rolle im Musikst\u00fcck und in &hellip; <a href=\"https:\/\/saxiom.de\/?page_id=591\" class=\"more-link\"><span class=\"screen-reader-text\">Unterricht<\/span> weiterlesen<\/a><\/p>\n","protected":false},"author":1,"featured_media":0,"parent":0,"menu_order":0,"comment_status":"closed","ping_status":"closed","template":"","meta":{"advanced_seo_description":"","jetpack_seo_html_title":"","jetpack_seo_noindex":false,"jetpack_post_was_ever_published":false,"footnotes":""},"class_list":["post-591","page","type-page","status-publish","hentry"],"jetpack_sharing_enabled":true,"jetpack_shortlink":"https:\/\/wp.me\/P9vpc1-9x","jetpack_likes_enabled":true,"jetpack-related-posts":[],"_links":{"self":[{"href":"https:\/\/saxiom.de\/index.php?rest_route=\/wp\/v2\/pages\/591","targetHints":{"allow":["GET"]}}],"collection":[{"href":"https:\/\/saxiom.de\/index.php?rest_route=\/wp\/v2\/pages"}],"about":[{"href":"https:\/\/saxiom.de\/index.php?rest_route=\/wp\/v2\/types\/page"}],"author":[{"embeddable":true,"href":"https:\/\/saxiom.de\/index.php?rest_route=\/wp\/v2\/users\/1"}],"replies":[{"embeddable":true,"href":"https:\/\/saxiom.de\/index.php?rest_route=%2Fwp%2Fv2%2Fcomments&post=591"}],"version-history":[{"count":21,"href":"https:\/\/saxiom.de\/index.php?rest_route=\/wp\/v2\/pages\/591\/revisions"}],"predecessor-version":[{"id":1597,"href":"https:\/\/saxiom.de\/index.php?rest_route=\/wp\/v2\/pages\/591\/revisions\/1597"}],"wp:attachment":[{"href":"https:\/\/saxiom.de\/index.php?rest_route=%2Fwp%2Fv2%2Fmedia&parent=591"}],"curies":[{"name":"wp","href":"https:\/\/api.w.org\/{rel}","templated":true}]}}