{"id":19,"date":"2017-12-27T22:22:30","date_gmt":"2017-12-27T22:22:30","guid":{"rendered":"http:\/\/saxiom.de\/?page_id=19"},"modified":"2022-02-18T18:11:04","modified_gmt":"2022-02-18T18:11:04","slug":"repertoire","status":"publish","type":"page","link":"https:\/\/saxiom.de\/?page_id=19","title":{"rendered":"Repertoire"},"content":{"rendered":"<p><strong><span style=\"font-family: Arial, sans-serif;\">Saxophon &amp; Orchester<\/span><\/strong><\/p>\n<p><span style=\"font-family: Arial, sans-serif;\">Aleksandr Glazunov &#8211; Concerto (1934) pour Saxophone Alto (14\u00b4)<\/span><\/p>\n<p><span style=\"font-family: Arial, sans-serif;\">Jacques Ibert &#8211; Concertino da Camera (1935) pour saxophone-alto et onze instruments (12\u00b4)<\/span><\/p>\n<p><span style=\"font-family: Arial, sans-serif;\">Erland von Koch &#8211; Saxophon Concerto (1958)<\/span><\/p>\n<p><span style=\"font-family: Arial, sans-serif;\">Lars-Erik Larsson &#8211; Konsert f\u00f6r Saxofon och Str\u00e5korkester op. 14 (1934)<\/span><\/p>\n<p><span style=\"font-family: Arial, sans-serif;\">Heitor Villa-Lobos &#8211; Fantasia f\u00fcr Sopransaxophon, drei H\u00f6rner und Streicher (1948)<\/span><\/p>\n<p><span style=\"font-family: Arial, sans-serif;\">John Adams &#8211; Saxophone Concerto (2013)<\/span><\/p>\n<p><span style=\"font-family: Arial, sans-serif;\">Claude Debussy &#8211; Rapsodie (1903) (10\u00b4)<\/span><\/p>\n<p><span style=\"font-family: Arial, sans-serif;\">John Williams &#8211; Escapades &#8211; Catch me if you can (2002)<\/span><\/p>\n<p><span style=\"font-family: Arial, sans-serif;\">Frank Martin &#8211; Ballade pour saxophone alto et orchestre (1938)<\/span><\/p>\n<p><span style=\"font-family: Arial, sans-serif;\">Jules Massenet &#8211; Werther (1892) (lyrisches Drama in vier Akten)<\/span><\/p>\n<p><span style=\"font-family: Arial, sans-serif;\">David Maslanka &#8211; Concerto for Alto Saxophone and Wind Ensemble<\/span><\/p>\n<p><span style=\"font-family: Arial, sans-serif;\">Fritz Neub\u00f6ck &#8211; Rhapsody for Alto Saxophone and Band<\/span><\/p>\n<p><span style=\"font-family: Arial, sans-serif;\">Otto M. Schwarz &#8211; Saxpack<\/span><\/p>\n<p><span style=\"font-family: Arial, sans-serif;\">Philip Sparke &#8211; Carnival (1997) (Alto Saxophone Solo and Wind Band)<\/span><\/p>\n<p><span style=\"font-family: Arial, sans-serif;\">Cole Porter &#8211; Kiss me, Kate (Musical)<\/span><\/p>\n<p><span style=\"font-family: Arial, sans-serif;\">Kurt Weill &amp; Bert Brecht &#8211; Aufstieg und Fall der Stadt Mahagonny (1930) (Oper in drei Akten)<\/span><\/p>\n<p><span style=\"font-family: Arial, sans-serif;\">Kurt Weill &amp; Bert Brecht &#8211; Die Dreigroschenoper (1928) (Songspiel mit Musik)<\/span><\/p>\n<p><strong><span style=\"font-family: Arial, sans-serif;\">Kammermusik<\/span><\/strong><\/p>\n<p><span style=\"font-family: Arial, sans-serif;\">Johann Sebastian Bach &#8211; 15 Inventionen BWV 772-801 (arr. f\u00fcr 2 Saxophone)<\/span><\/p>\n<p><span style=\"font-family: Arial, sans-serif;\">Adolf Busch &#8211; Quintett f\u00fcr Alt-Saxophon, 2 Violinen, Viola und Violoncello (1934)<\/span><\/p>\n<p><span style=\"font-family: Arial, sans-serif;\">Adolf Busch &#8211; Suite f\u00fcr Violine und Altsaxophon<\/span><\/p>\n<p><span style=\"font-family: Arial, sans-serif;\">Lutz W. Dreyer &#8211; Abschied (II) f\u00fcr Mezzosopran und Altsaxophon (2009)<\/span><\/p>\n<p><span style=\"font-family: Arial, sans-serif;\">Paul Hindemith &#8211; Konzertst\u00fcck f\u00fcr zwei Altsaxophone (1933)<\/span><\/p>\n<p><span style=\"font-family: Arial, sans-serif;\">Wolfgang Jacobi &#8211; Barcarole f\u00fcr 2 Altsaxophone und Klavier (1964)<\/span><\/p>\n<p><span style=\"font-family: Arial, sans-serif;\">John David Lamb &#8211; Six Barefoot Dances for two alto saxophones (1963)<\/span><\/p>\n<p><span style=\"font-family: Arial, sans-serif;\">David Maslanka \u2013 Songbook for Alto Saxophone in E flat and Marimba<\/span><\/p>\n<p><span style=\"font-family: Arial, sans-serif;\">Krzysztof Meyer &#8211; Quintett f\u00fcr 4 Saxophone und Klavier op. 107 (2006\/07)<\/span><\/p>\n<p><span style=\"font-family: Arial, sans-serif;\">Carl Anton Wirth &#8211; Jephthah for Soprano Saxophone, Alto Saxophone and Piano (1958)<\/span><\/p>\n<p><span style=\"font-family: Arial, sans-serif;\">Nigel Wood &#8211; Three contemporary duets<\/span><\/p>\n<p><span style=\"font-family: Arial, sans-serif;\">Jan Dismas Zelenka &#8211; Sonate Nr.1 F-Dur (arr. f\u00fcr 2 Sopransaxophone und Baritonsaxophon)<\/span><\/p>\n<p><strong><span style=\"font-family: Arial, sans-serif;\">Saxophon &amp; Orgel<\/span><\/strong><\/p>\n<p><span style=\"font-family: Arial, sans-serif;\">Tomasi Albinoni &#8211; Concerto op. 9 Nr. 2<\/span><\/p>\n<p><span style=\"font-family: Arial, sans-serif;\">Johann S. Bach (1685-1750): Aus Violinkonzert A-Moll BWV 1041:<br \/>\n1. Allegro<\/span><\/p>\n<p><span style=\"font-family: Arial, sans-serif;\">Heinrich E. Grimm (*1951): 6 Variationen \u00fcber ein fl\u00e4misches Lied (&#8222;Baiaardlied&#8220;, 1994)<\/span><br \/>\n<span style=\"font-family: Arial, sans-serif;\">1. Misterioso<br \/>\n<span style=\"font-family: Arial, sans-serif;\">2. Moto ostinato<br \/>\n<span style=\"font-family: Arial, sans-serif;\">3. Allegro<br \/>\n<span style=\"font-family: Arial, sans-serif;\">4. Risoluto<br \/>\n<span style=\"font-family: Arial, sans-serif;\">5. Presto<br \/>\n<span style=\"font-family: Arial, sans-serif;\">6. Allegro ma non troppo<\/span><\/span><\/span><\/span><\/span><\/span><\/p>\n<p><span style=\"font-family: Arial, sans-serif;\">Paul Creston: Rhapsody f\u00fcr Altsaxophon und Orgel<\/span><\/p>\n<p><span style=\"font-family: Arial, sans-serif;\">Torsten Laux (*1965): Meditation \u00fcber ein Gebet f\u00fcr Sopransaxophon und Orgel<\/span><\/p>\n<p><span style=\"font-family: Arial, sans-serif;\">Torsten Laux (*1965): Aus f\u00fcnf Psalmen f\u00fcr Sopransaxophon und Orgel:<\/span><br \/>\n<span style=\"font-family: Arial, sans-serif;\">Psalm 23 &#8222;Der Herr ist mein Hirte, mir wird nichts mangeln.&#8220;<br \/>\n<span style=\"font-family: Arial, sans-serif;\">Psalm 2 &#8222;Warum toben die Heiden und die V\u00f6lker reden so vergeblich?&#8220;<br \/>\n<span style=\"font-family: Arial, sans-serif;\">Psalm 5 &#8222;Gebet um Leitung und Bewahrung&#8220;<br \/>\n<span style=\"font-family: Arial, sans-serif;\">Psalm 100 &#8222;Jauchzet dem Herr, alle Welt!&#8220;<\/span><\/span><\/span><\/span><\/p>\n<p><span style=\"font-family: Arial, sans-serif;\">Leonard Bernstein (1918-1990): Aus Chichester Psalms:<br \/>\n<span style=\"font-family: Arial, sans-serif;\">Psalm 23 &#8222;Adonai roi&#8220;<\/span><\/span><\/p>\n<p><span style=\"font-family: Arial, sans-serif;\">Gabriel Faur\u00e9 (1845-1924): Aus Requiem op. 43: In Paradisum<\/span><\/p>\n<p><span style=\"font-family: Arial, sans-serif;\">Harald Genzmer: Konzertantes Duo f\u00fcr Baritonsaxophon und Orgel<\/span><\/p>\n<p><span style=\"font-family: Arial, sans-serif;\">Friedemann Graef: Canzona Rhythmica (1990) f\u00fcr Sopransaxophon und Orgel<\/span><\/p>\n<p><span style=\"font-family: Arial, sans-serif;\">Berthold Hummel: Invocationes op. 68 (1978) f\u00fcr Sopransaxophon und Orgel<\/span><\/p>\n<p><span style=\"font-family: Arial, sans-serif;\">Markus Lehmann: Elegie auf den Tod eines Freundes (1989) f\u00fcr Altsaxophon und Orgel<\/span><\/p>\n<p><span style=\"font-family: Arial, sans-serif;\">Alain Voipry: Meditation sur un Sanctus (1982) f\u00fcr Altsaxophon und Orgel<\/span><\/p>\n<p><strong><span style=\"font-family: Arial, sans-serif;\">Saxophon &amp; Klavier<\/span><\/strong><\/p>\n<p><span style=\"font-family: Arial, sans-serif;\">Henk Badings &#8211; La Malinconia (1949)<\/span><\/p>\n<p><span style=\"font-family: Arial, sans-serif;\">Johann Sebastian Bach \u2013 Violinkonzert a-Moll BWV 1041<\/span><\/p>\n<p><span style=\"font-family: Arial, sans-serif;\">Warren Benson &#8211; Aeolian Song (1953)<\/span><\/p>\n<p><span style=\"font-family: Arial, sans-serif;\">Eugene Bozza &#8211; Aria (1936)<\/span><\/p>\n<p><span style=\"font-family: Arial, sans-serif;\">Paul Creston &#8211; Sonata for alto saxohone and piano op.19 (1945)<\/span><\/p>\n<p><span style=\"font-family: Arial, sans-serif;\">Lex van Delden &#8211; Sonatina for alto saxohone in E flat and piano (1952)<\/span><\/p>\n<p><span style=\"font-family: Arial, sans-serif;\">Erwin Dressel &#8211; Partita f\u00fcr Alt-Saxophon und Klavier (1964)<\/span><\/p>\n<p><span style=\"font-family: Arial, sans-serif;\">Hector-Joseph Fiocco &#8211; Allegro (org. f\u00fcr Violine) (ca. 1740)<\/span><\/p>\n<p><span style=\"font-family: Arial, sans-serif;\">Georg Friedrich H\u00e4ndel &#8211; Sonate Nr. 3 (org. f\u00fcr Violine)<\/span><\/p>\n<p><span style=\"font-family: Arial, sans-serif;\">Georg Friedrich H\u00e4ndel &#8211; Sonate Nr. 13 (org. f\u00fcr Violine)<\/span><\/p>\n<p><span style=\"font-family: Arial, sans-serif;\">Pedro Iturralde &#8211; Peque\u00f1a Czarda (1949)<\/span><\/p>\n<p><span style=\"font-family: Arial, sans-serif;\">Wolfgang Jacobi &#8211; Sonate f\u00fcr Altsaxophon und Piano (1930)<\/span><\/p>\n<p><span style=\"font-family: Arial, sans-serif;\">Fritz Kreisler &#8211; Liebesfreud \u2013 Liebesleid (1910)<\/span><\/p>\n<p><span style=\"font-family: Arial, sans-serif;\">Otmar M\u00e1cha &#8211; Pl\u00e1c Saxofonu (1968)<\/span><\/p>\n<p><span style=\"font-family: Arial, sans-serif;\">Krzysztof Meyer \u2013 Metarmorphosis<\/span><\/p>\n<p><span style=\"font-family: Arial, sans-serif;\">Darius Milhaud &#8211; Scaramouche (1936)<\/span><\/p>\n<p><span style=\"font-family: Arial, sans-serif;\">Astor Piazzolla \u2013 Histoires du Tango<\/span><\/p>\n<p><span style=\"font-family: Arial, sans-serif;\">Astor Piazzolla \u2013 6 Tango \u00c9tudes<\/span><\/p>\n<p><span style=\"font-family: Arial, sans-serif;\">Astor Piazzolla &#8211; Oblivion<\/span><\/p>\n<p><span style=\"font-family: Arial, sans-serif;\">Sergei Rachmaninoff &#8211; Vocalise op. 34 No. 14<\/span><\/p>\n<p><span style=\"font-family: Arial, sans-serif;\">Maurice Ravel &#8211; Pi\u00e9ce en Forme de Habanera (1895)<\/span><\/p>\n<p><span style=\"font-family: Arial, sans-serif;\">Nicolai Rimsky-Korsakow &#8211; Hummelflug (1900)<\/span><\/p>\n<p><span style=\"font-family: Arial, sans-serif;\">Erwin Schulhoff &#8211; Hot Sonate (1930)<\/span><\/p>\n<p><span style=\"font-family: Arial, sans-serif;\">Robert Schumann &#8211; Adagio et Allegro op. 70<\/span><\/p>\n<p><span style=\"font-family: Arial, sans-serif;\">Takashi Yoshimatsu \u2013 Fuzzy Bird Sonata (2003)<\/span><\/p>\n<p><span style=\"font-family: Arial, sans-serif;\">Rudy Wiedoeft &#8211; Valse Vanit\u00e9 (1927)<\/span><\/p>\n<p><span style=\"font-family: Arial, sans-serif;\">Rudy Wiedoeft &#8211; Sax-o-phun (1924)<\/span><\/p>\n","protected":false},"excerpt":{"rendered":"<p>Saxophon &amp; Orchester Aleksandr Glazunov &#8211; Concerto (1934) pour Saxophone Alto (14\u00b4) Jacques Ibert &#8211; Concertino da Camera (1935) pour saxophone-alto et onze instruments (12\u00b4) Erland von Koch &#8211; Saxophon Concerto (1958) Lars-Erik Larsson &#8211; Konsert f\u00f6r Saxofon och Str\u00e5korkester op. 14 (1934) Heitor Villa-Lobos &#8211; Fantasia f\u00fcr Sopransaxophon, drei H\u00f6rner und Streicher (1948) John &hellip; <a href=\"https:\/\/saxiom.de\/?page_id=19\" class=\"more-link\"><span class=\"screen-reader-text\">Repertoire<\/span> weiterlesen<\/a><\/p>\n","protected":false},"author":1,"featured_media":0,"parent":0,"menu_order":0,"comment_status":"closed","ping_status":"closed","template":"","meta":{"advanced_seo_description":"","jetpack_seo_html_title":"","jetpack_seo_noindex":false,"jetpack_post_was_ever_published":false,"footnotes":""},"class_list":["post-19","page","type-page","status-publish","hentry"],"jetpack_sharing_enabled":true,"jetpack_shortlink":"https:\/\/wp.me\/P9vpc1-j","jetpack_likes_enabled":true,"jetpack-related-posts":[],"_links":{"self":[{"href":"https:\/\/saxiom.de\/index.php?rest_route=\/wp\/v2\/pages\/19","targetHints":{"allow":["GET"]}}],"collection":[{"href":"https:\/\/saxiom.de\/index.php?rest_route=\/wp\/v2\/pages"}],"about":[{"href":"https:\/\/saxiom.de\/index.php?rest_route=\/wp\/v2\/types\/page"}],"author":[{"embeddable":true,"href":"https:\/\/saxiom.de\/index.php?rest_route=\/wp\/v2\/users\/1"}],"replies":[{"embeddable":true,"href":"https:\/\/saxiom.de\/index.php?rest_route=%2Fwp%2Fv2%2Fcomments&post=19"}],"version-history":[{"count":14,"href":"https:\/\/saxiom.de\/index.php?rest_route=\/wp\/v2\/pages\/19\/revisions"}],"predecessor-version":[{"id":1140,"href":"https:\/\/saxiom.de\/index.php?rest_route=\/wp\/v2\/pages\/19\/revisions\/1140"}],"wp:attachment":[{"href":"https:\/\/saxiom.de\/index.php?rest_route=%2Fwp%2Fv2%2Fmedia&parent=19"}],"curies":[{"name":"wp","href":"https:\/\/api.w.org\/{rel}","templated":true}]}}